{"id":370,"date":"2014-11-04T12:31:23","date_gmt":"2014-11-04T10:31:23","guid":{"rendered":"http:\/\/localhost\/wordpress\/?page_id=370"},"modified":"2016-10-28T10:34:37","modified_gmt":"2016-10-28T08:34:37","slug":"che-cosa-e-una-riserva-della-biosfera","status":"publish","type":"page","link":"https:\/\/www.terrebiosfera.org\/?page_id=370","title":{"rendered":"Cosa sono le Terre della Biosfera?"},"content":{"rendered":"<p><a href=\"http:\/\/www.terrebiosfera.org\/wp-content\/uploads\/2014\/11\/Giacche-Verdi-Bronte-Agricoltura-Biologica.jpg\"><img loading=\"lazy\" decoding=\"async\" class=\"alignleft size-medium wp-image-478\" src=\"http:\/\/www.terrebiosfera.org\/wp-content\/uploads\/2014\/11\/Giacche-Verdi-Bronte-Agricoltura-Biologica-300x205.jpg\" alt=\"Sicilia Riserva Biosfera Unesco\" width=\"300\" height=\"205\" srcset=\"https:\/\/www.terrebiosfera.org\/wp-content\/uploads\/2014\/11\/Giacche-Verdi-Bronte-Agricoltura-Biologica-300x205.jpg 300w, https:\/\/www.terrebiosfera.org\/wp-content\/uploads\/2014\/11\/Giacche-Verdi-Bronte-Agricoltura-Biologica-1024x700.jpg 1024w\" sizes=\"(max-width: 300px) 100vw, 300px\" \/><\/a><\/p>\n<p><span style=\"color: #333333;\"><span style=\"font-family: Roboto;\"><span style=\"font-size: medium;\">L\u2018idea principale su cui si basa il progetto \u201cTerre della Biosfera\u201d \u00e8 quella di supportare uno sviluppo sostenibile e la valorizzazione del territorio senza trascurare la protezione della natura e della biodiversit\u00e0. La Sicilia Orientale, caratterizzata dalla presenza di montagne, valli fluviali e del vulcano Etna, offre panorami unici al mondo. Il territorio \u00e8 inoltre ricco di svariate specie endemiche, di un&#8217;antica cultura tradizionale tuttora viva, della presenza di allevamenti con variet\u00e0 di razze autoctone, di una rete di piccoli sentieri ideali per gli escursionisti e di prodotti tipici di alta qualit\u00e0 che variano da un paese all&#8217;altro.<\/span><\/span><\/span><\/p>\n<p><span style=\"color: #333333;\"><span style=\"font-family: Roboto;\"><span style=\"font-size: medium;\"><b>Le Terre della Biosfera, inserite nella Rete Mondiale delle Riserve della Biosfera, si prefiggono di essere<\/b><\/span><\/span><\/span> <span style=\"color: #333333;\"><span style=\"font-family: Roboto;\"><span style=\"font-size: medium;\"><b>aree modello per il mondo<\/b><\/span><\/span><\/span><span style=\"color: #333333;\"><span style=\"font-family: Roboto;\"><span style=\"font-size: medium;\">. La Riserva della Biosfera \u00e8 una qualifica internazionale assegnata dall&#8217;UNESCO all&#8217;interno del programma MaB (Man and Biosphere). Il programma MaB \u00e8 stato avviato gi\u00e0 negli anni &#8217;70 allo scopo di migliorare il rapporto tra uomo e ambiente e ridurre la perdita di biodiversit\u00e0. Tuttavia, non si tratta soltanto di un riconoscimento dell&#8217;UNESCO, ma di un progetto di ampio respiro che prevede il coinvolgimento della popolazione locale per il raggiungimento di un benessere diffuso. A tale proposito il Gruppo Ideatore delle Terre della Biosfera promuove la creazione di <\/span><\/span><\/span><span style=\"color: #333333;\"><span style=\"font-family: Roboto;\"><span style=\"font-size: medium;\"><b>Gruppi di Lavoro<\/b><\/span><\/span><\/span><span style=\"color: #333333;\"><span style=\"font-family: Roboto;\"><span style=\"font-size: medium;\"> tematici (Gestione dei rifiuti, Turismo, Cultura, Agricoltura ecc.) ai quali \u00e8 invitato a partecipare chiunque abbia idee da proporre. <\/span><\/span><\/span><\/p>\n<p><span style=\"color: #333333;\">\u201c<span style=\"font-family: Roboto;\"><span style=\"font-size: medium;\"><b>Terre della Biosfera\u201d significa qualit\u00e0 della vita<\/b><\/span><\/span><\/span><span style=\"color: #333333;\"><span style=\"font-family: Roboto;\"><span style=\"font-size: medium;\">, promozione dei prodotti locali, in particolare di quelli biologici, sostegno a progetti di educazione ambientale e pulizia di campagne e citt\u00e0. Le Terre della Biosfera mirano a diventare un&#8217;area modello che crei benessere economico attraverso uno sviluppo sostenibile. \u00c8 importante sottolineare che il riconoscimento di un&#8217;area geografica a \u201cRiserva della Biosfera\u201d \u00e8 un valore aggiunto rispetto alle aree protette gi\u00e0 presenti nel territorio in oggetto, un titolo prestigioso che far\u00e0 aumentare la visibilit\u00e0 del territorio titolato a livello internazionale, richiamando, di conseguenza, turismo e sviluppo economico. <\/span><\/span><\/span><\/p>\n<p><span style=\"color: #333333;\"><span style=\"font-family: Roboto;\"><span style=\"font-size: medium;\"><b>Nessun ulteriore vincolo, dunque, ma pi\u00f9 opportunit\u00e0 per valorizzare il territorio, attraverso il prestigioso riconoscimento internazionale dell&#8217;UNESCO!<\/b><\/span><\/span><\/span><\/p>\n<p><a href=\"http:\/\/www.terrebiosfera.org\/wp-content\/uploads\/2014\/11\/Giacche-Verdi-Bronte-Riserva-Biosfera-UNESCO-4.jpg\"><img loading=\"lazy\" decoding=\"async\" class=\" size-medium wp-image-482 alignright\" src=\"http:\/\/www.terrebiosfera.org\/wp-content\/uploads\/2014\/11\/Giacche-Verdi-Bronte-Riserva-Biosfera-UNESCO-4-300x225.jpg\" alt=\"la Riserva Biosfera Unesco in Sicilia\" width=\"300\" height=\"225\" srcset=\"https:\/\/www.terrebiosfera.org\/wp-content\/uploads\/2014\/11\/Giacche-Verdi-Bronte-Riserva-Biosfera-UNESCO-4-300x225.jpg 300w, https:\/\/www.terrebiosfera.org\/wp-content\/uploads\/2014\/11\/Giacche-Verdi-Bronte-Riserva-Biosfera-UNESCO-4-1024x768.jpg 1024w\" sizes=\"(max-width: 300px) 100vw, 300px\" \/><\/a><\/p>\n<p><span style=\"color: #333333;\"><span style=\"font-family: Roboto;\"><span style=\"font-size: medium;\">Nel nostro caso specifico, i vincoli resteranno quelli presenti dalle leggi vigenti (aree protette, paesaggistico, idrogeologico, ecc), esercitati dalle autorit\u00e0 competenti. I futuri interventi sul territorio, per\u00f2, pubblici o privati, si dovranno adeguare agli obiettivi della Riserva della Biosfera istituita.<br \/>\nDopo la designazione dall\u2019UNESCO, le Riserve della Biosfera rimarranno sotto la giurisdizione dello stato o della regione. Questi ultimi si occuperanno della designazione di un\u2019amministrazione per la gestione della Riserva riconosciuta.<br \/>\nDa queste considerazioni nasce l\u2019idea di realizzare una proposta di una Riserva della Biosfera UNESCO nella Sicilia nord-orientale.<\/span><\/span><\/span><\/p>\n<p><span style=\"color: #333333;\"><span style=\"font-family: Roboto;\"><span style=\"font-size: medium;\">Le Riserve\u00a0della Biosfera si prefiggono quattro obiettivi che sono in relazione tra loro:<\/span><\/span><\/span><\/p>\n<ul>\n<li><span style=\"color: #333333;\"><span style=\"font-family: inherit;\"><span style=\"font-size: medium;\">Salvaguardia della biodiversit\u00e0;<\/span><\/span><\/span><\/li>\n<li><span style=\"color: #333333;\"><span style=\"font-family: inherit;\"><span style=\"font-size: medium;\">Sviluppo sostenibile nei settori economico, ecologico, culturale e sociale;<\/span><\/span><\/span><\/li>\n<li><span style=\"color: #333333;\"><span style=\"font-family: inherit;\"><span style=\"font-size: medium;\">Supporto logistico: educazione alla sostenibilit\u00e0, comunicazione, ricerche e monitoraggio;<\/span><\/span><\/span><\/li>\n<li><span style=\"color: #333333;\"><span style=\"font-family: inherit;\"><span style=\"font-size: medium;\">Realizzazione di soluzioni innovative contro il cambiamento climatico globale.<\/span><\/span><\/span><\/li>\n<\/ul>\n<p><span style=\"color: #333333;\"><span style=\"font-family: Roboto;\"><span style=\"font-size: medium;\">La Rete Mondiale delle Riserve della Biosfera, fino a Giugno 2013 contava 621 riserve in 117 paesi dei cinque continenti. In Italia le Riserve della Biosfera riconosciute dall\u2018UNESCO sono 8.<br \/>\nIn Sicilia ancora oggi, non sono state istituite Riserve della Biosfera.<\/span><\/span><\/span><\/p>\n<p><a href=\"http:\/\/www.terrebiosfera.org\/wp-content\/uploads\/2014\/11\/Giacche-Verdi-Bronte-Riserva-Biosfera-UNESCO-7.jpg\"><img loading=\"lazy\" decoding=\"async\" class=\"alignleft size-medium wp-image-480\" src=\"http:\/\/www.terrebiosfera.org\/wp-content\/uploads\/2014\/11\/Giacche-Verdi-Bronte-Riserva-Biosfera-UNESCO-7-300x200.jpg\" alt=\"Sicilia Riserva della Biosfera Unesco\" width=\"300\" height=\"200\" srcset=\"https:\/\/www.terrebiosfera.org\/wp-content\/uploads\/2014\/11\/Giacche-Verdi-Bronte-Riserva-Biosfera-UNESCO-7-300x200.jpg 300w, https:\/\/www.terrebiosfera.org\/wp-content\/uploads\/2014\/11\/Giacche-Verdi-Bronte-Riserva-Biosfera-UNESCO-7-1024x683.jpg 1024w\" sizes=\"(max-width: 300px) 100vw, 300px\" \/><\/a><\/p>\n<p><span style=\"color: #333333;\"><span style=\"font-family: Roboto;\"><span style=\"font-size: medium;\">La Riserva della Biosfera in progetto, interessa un territorio che include le valli fluviali del Simeto e dell\u2019Alcantara, ubicate tra i rilievi del parco naturale dell\u2019Etna, del parco naturale dei Monti Nebrodi e i Monti Peloritani.<br \/>\nL\u2018iniziativa \u00e8 promossa dall\u2019Associazione ONLUS Giacche Verdi di Bronte, dall\u2019Operatore Turistico Natour Turismo alternativo in Sicilia, dalla Fondazione tedesca Manfred-Hermsen-Stiftung di Brema, dal Consorzio Etna World Trade e dalla s.c.a.f. Foreste e Territorio, in stretta collaborazione con cittadini, gruppi e amministrazioni locali interessate.<br \/>\nLa proposta Riserva della Biosfera include aree naturali protette come il Parco Fluviale del fiume Alcantara, una porzione del Parco dell\u2019Etna, le Riserve Naturali delle \u201cForre laviche del Simeto\u201d e di \u201cFiumefreddo\u201d e i siti delle Rete Natura 2000. L\u2019area di progetto \u00e8 localizzata tra il pi\u00f9 alto vulcano attivo d\u2018Europa, peraltro proclamato dall\u2019Unesco come Patrimonio dell\u2019Umanit\u00e0, una catena montuosa denominata \u201dgli Appennini siciliani\u201d e importanti fiumi ed aree umide.<br \/>\nInoltre un elemento naturale che accomuna questi territori \u00e8 il Gatto selvatico, l\u2019ultimo predatore in Sicilia, che grazie agli importanti \u201ccorridoi ecologici\u201d presenti nell\u2019area prescelta, ha la possibilit\u00e0 di spostarsi nelle aree boscate tra l\u2019Etna e i Nebrodi. Infine, non meno importante, la vocazione agricola dell\u2019area, con la presenza di colture come il Pistacchio, Le Arance rosse, l\u2019Ulivo, i frutteti di Pere e Pesche, vari ortaggi e grandi estensioni a vigneti per vino.<\/span><\/span><\/span><\/p>\n<ul>\n<li><a href=\"http:\/\/www.terrebiosfera.org\/wp-content\/uploads\/2014\/11\/Presentazione-Terre-della-Biosfera.pdf\"><strong>Clicca qui per visualizzare la\u00a0Presentazione in PDF del progetto MaB\u00a0&#8220;Terre della Biosfera&#8221;.<\/strong><\/a><\/li>\n<\/ul>\n","protected":false},"excerpt":{"rendered":"<p>L\u2018idea principale su cui si basa il progetto \u201cTerre della Biosfera\u201d \u00e8 quella di supportare uno sviluppo sostenibile e la valorizzazione del territorio senza trascurare la protezione della natura e della biodiversit\u00e0. La Sicilia Orientale, caratterizzata dalla presenza di montagne, valli fluviali e del vulcano Etna, offre panorami unici al mondo. Il territorio \u00e8 inoltre [&hellip;]<\/p>\n","protected":false},"author":4,"featured_media":0,"parent":2,"menu_order":0,"comment_status":"closed","ping_status":"closed","template":"","meta":{"ngg_post_thumbnail":0,"footnotes":""},"_links":{"self":[{"href":"https:\/\/www.terrebiosfera.org\/index.php?rest_route=\/wp\/v2\/pages\/370"}],"collection":[{"href":"https:\/\/www.terrebiosfera.org\/index.php?rest_route=\/wp\/v2\/pages"}],"about":[{"href":"https:\/\/www.terrebiosfera.org\/index.php?rest_route=\/wp\/v2\/types\/page"}],"author":[{"embeddable":true,"href":"https:\/\/www.terrebiosfera.org\/index.php?rest_route=\/wp\/v2\/users\/4"}],"replies":[{"embeddable":true,"href":"https:\/\/www.terrebiosfera.org\/index.php?rest_route=%2Fwp%2Fv2%2Fcomments&post=370"}],"version-history":[{"count":13,"href":"https:\/\/www.terrebiosfera.org\/index.php?rest_route=\/wp\/v2\/pages\/370\/revisions"}],"predecessor-version":[{"id":2511,"href":"https:\/\/www.terrebiosfera.org\/index.php?rest_route=\/wp\/v2\/pages\/370\/revisions\/2511"}],"up":[{"embeddable":true,"href":"https:\/\/www.terrebiosfera.org\/index.php?rest_route=\/wp\/v2\/pages\/2"}],"wp:attachment":[{"href":"https:\/\/www.terrebiosfera.org\/index.php?rest_route=%2Fwp%2Fv2%2Fmedia&parent=370"}],"curies":[{"name":"wp","href":"https:\/\/api.w.org\/{rel}","templated":true}]}}