{"id":368,"date":"2014-11-04T12:30:18","date_gmt":"2014-11-04T10:30:18","guid":{"rendered":"http:\/\/localhost\/wordpress\/?page_id=368"},"modified":"2017-02-20T17:29:32","modified_gmt":"2017-02-20T16:29:32","slug":"il-successo-nelle-riserve-delle-biosfere","status":"publish","type":"page","link":"https:\/\/www.terrebiosfera.org\/?page_id=368","title":{"rendered":"Le altre Riserve della Biosfera"},"content":{"rendered":"<table>\n<tbody>\n<tr>\n<td width=\"614\">30\/05\/2013 &#8211;<strong> IL MONVISO E\u2019 LA NONA RISERVA DELLA BIOSFERA ITALIANA NEL PROGRAMMA MAB UNESCO<\/strong><\/p>\n<p>Il Monviso \u00e8 stato formalmente riconosciuto come nuova Riserva Biosfera nazionale e transfrontaliera nel programma UNESCO \u201cMan and Biosphere\u201d. L\u2019Italia da oltre otto anni non entrava nella lista dei MAB, e quella del Monviso rappresenta la prima candidatura nazionale di carattere transfrontaliero.<br \/>\n\u201cGrazie al prestigioso diploma internazionale ottenuto \u2013 dichiara Gian Luca Vignale, assessore regionale ai Parchi e alle Aree protette -, il Monviso, una delle montagne simbolo del Piemonte, \u00e8 entrato a fare parte di un importante circuito internazionale di eccellenze, che porter\u00e0 grandi occasioni di sviluppo e di promozione delle risorse turistiche, energetiche, produttive e naturalistiche locali e regionale\u201d.<\/td>\n<\/tr>\n<tr>\n<td width=\"614\">\n<strong>Riserva della Biosfera \u201cRh\u00f6n\u201d<\/strong><\/p>\n<p><i>RB Rh\u00f6n, parte Assia, Torsten Raab, dirigente:<\/i>\u201cNella Riserva della Biosfera Rh\u00f6n ci \u00e8 successo, nei ultimi vent\u2019 anni, di creare una identit\u00e0 transfrontaliera e comune. Oggi gli abitanti della Rh\u00f6n sono orgogliosi del loro paesaggio e della loro provenienza. \u201cLa pecora ed le mele di Rh\u00f6n\u201d sono simboli importanti e marchi del nostro sviluppo. Allo stesso tempo sono importanti anche per la conservazione del paesaggio culturale e per l\u2019economia locale.\u201d<\/p>\n<p><em>RB Rh\u00f6n, parte Bavaria, Michael Geier, dirigente:<\/em><\/p>\n<p>\u201cA Bavaria l\u2019approvazione della Rh\u00f6n come Riserva Biosfera dell\u2019 UNESCO nel 1991 ci ha aperto la porta alla partecipazione dell\u2019iniziativa Europea LEADER. La parte bavarese della RB Rh\u00f6n, ha partecipato a ogni fase della sua incentivazione e poteva amministrare l\u2019importo di circa 10 milioni per la regione.\u201d<br \/>\n<a href=\"http:\/\/www.terrebiosfera.org\/wp-content\/uploads\/2014\/11\/Riserva-Biosfera-Rhoen-Poppenhausen.jpg\"><img loading=\"lazy\" decoding=\"async\" class=\"alignleft wp-image-469 size-full\" src=\"http:\/\/www.terrebiosfera.org\/wp-content\/uploads\/2014\/11\/Riserva-Biosfera-Rhoen-Poppenhausen.jpg\" alt=\"Riserva-Biosfera-Rh\u00f6n-Poppenhausen\" width=\"569\" height=\"260\" srcset=\"https:\/\/www.terrebiosfera.org\/wp-content\/uploads\/2014\/11\/Riserva-Biosfera-Rhoen-Poppenhausen.jpg 569w, https:\/\/www.terrebiosfera.org\/wp-content\/uploads\/2014\/11\/Riserva-Biosfera-Rhoen-Poppenhausen-300x137.jpg 300w\" sizes=\"(max-width: 569px) 100vw, 569px\" \/><\/a><\/td>\n<\/tr>\n<tr>\n<td width=\"614\">\n<strong>Riserva della Biosfera \u201cSchaalsee\u201c<\/strong><\/p>\n<p><em>Rainer M\u00f6nke, dirigente vicario:<\/em>\u201cCome fatto straordinario vorrei indicare che dal 1990, nonostante le pretese dei fruitori, siamo riusciti a salvaguardare gli habitat naturali e le unicit\u00e0 del paesaggio Schaalsee, con la sua fauna e flora. Cos\u00ec abbiamo potuto dare un grande contributo per la biodiversit\u00e0 in Germania. Inoltre si deve accentuare, ovviamente, il contributo allo sviluppo rurale sostenibile della zona strutturalmente pi\u00f9 debole.\u201d<\/td>\n<\/tr>\n<tr>\n<td>\n<strong>Riserva della Biosfera \u201cSchorfheide-Chorin\u201d<\/strong><\/p>\n<p><em>Beate Blahy, Comunicato stampa:<\/em>\u201cLa nostra Riserva della Biosfera protegge un<br \/>\npaesaggio di un\u2019antica cultura agraria, forestale,<br \/>\nlegata alla pesca e artigianale. Oggi sosteniamo l\u2019agricoltura biologica e senza pesticidi (per il totale<br \/>\ndel 43% dei terreni), limitiamo attivit\u00e0 che distruggono l\u2019ambiente (per esempio l\u2019uso di barche a motore sui laghi o la costruzione di grandi alberghi) e abbiamo sviluppato con grande successo un<br \/>\nmarchio regionale per le aziende che seguono i principi della RB. La zona \u201ccore\u201d estesa per il 3% (costituita soprattutto da faggete), entro la quale l\u2019attivit\u00e0 umana \u00e8 totalmente vietata, protegge la biodiversit\u00e0 nei processi naturali. Tutto questo fa la nostra area sempre pi\u00f9 attraente per il turismo, importante risorsa sfruttata dalla popolazione locale.\u201d<\/td>\n<\/tr>\n<\/tbody>\n<\/table>\n","protected":false},"excerpt":{"rendered":"<p>30\/05\/2013 &#8211; IL MONVISO E\u2019 LA NONA RISERVA DELLA BIOSFERA ITALIANA NEL PROGRAMMA MAB UNESCO Il Monviso \u00e8 stato formalmente riconosciuto come nuova Riserva Biosfera nazionale e transfrontaliera nel programma UNESCO \u201cMan and Biosphere\u201d. L\u2019Italia da oltre otto anni non entrava nella lista dei MAB, e quella del Monviso rappresenta la prima candidatura nazionale di [&hellip;]<\/p>\n","protected":false},"author":4,"featured_media":0,"parent":2,"menu_order":0,"comment_status":"closed","ping_status":"closed","template":"","meta":{"ngg_post_thumbnail":0,"footnotes":""},"_links":{"self":[{"href":"https:\/\/www.terrebiosfera.org\/index.php?rest_route=\/wp\/v2\/pages\/368"}],"collection":[{"href":"https:\/\/www.terrebiosfera.org\/index.php?rest_route=\/wp\/v2\/pages"}],"about":[{"href":"https:\/\/www.terrebiosfera.org\/index.php?rest_route=\/wp\/v2\/types\/page"}],"author":[{"embeddable":true,"href":"https:\/\/www.terrebiosfera.org\/index.php?rest_route=\/wp\/v2\/users\/4"}],"replies":[{"embeddable":true,"href":"https:\/\/www.terrebiosfera.org\/index.php?rest_route=%2Fwp%2Fv2%2Fcomments&post=368"}],"version-history":[{"count":16,"href":"https:\/\/www.terrebiosfera.org\/index.php?rest_route=\/wp\/v2\/pages\/368\/revisions"}],"predecessor-version":[{"id":959,"href":"https:\/\/www.terrebiosfera.org\/index.php?rest_route=\/wp\/v2\/pages\/368\/revisions\/959"}],"up":[{"embeddable":true,"href":"https:\/\/www.terrebiosfera.org\/index.php?rest_route=\/wp\/v2\/pages\/2"}],"wp:attachment":[{"href":"https:\/\/www.terrebiosfera.org\/index.php?rest_route=%2Fwp%2Fv2%2Fmedia&parent=368"}],"curies":[{"name":"wp","href":"https:\/\/api.w.org\/{rel}","templated":true}]}}