{"id":2369,"date":"2021-02-01T16:21:09","date_gmt":"2021-02-01T15:21:09","guid":{"rendered":"http:\/\/www.terrebiosfera.org\/?page_id=2369"},"modified":"2021-02-01T16:43:09","modified_gmt":"2021-02-01T15:43:09","slug":"agricoltura-sostenibile","status":"publish","type":"page","link":"https:\/\/www.terrebiosfera.org\/?page_id=2369","title":{"rendered":"Agricoltura sostenibile"},"content":{"rendered":"\n<figure class=\"wp-block-image size-large\"><img loading=\"lazy\" decoding=\"async\" width=\"1024\" height=\"224\" src=\"http:\/\/www.terrebiosfera.org\/wp-content\/uploads\/2021\/02\/2016_11-Sizilien-025-1024x224.jpg\" alt=\"\" class=\"wp-image-2370\" srcset=\"https:\/\/www.terrebiosfera.org\/wp-content\/uploads\/2021\/02\/2016_11-Sizilien-025-1024x224.jpg 1024w, https:\/\/www.terrebiosfera.org\/wp-content\/uploads\/2021\/02\/2016_11-Sizilien-025-300x66.jpg 300w, https:\/\/www.terrebiosfera.org\/wp-content\/uploads\/2021\/02\/2016_11-Sizilien-025-768x168.jpg 768w, https:\/\/www.terrebiosfera.org\/wp-content\/uploads\/2021\/02\/2016_11-Sizilien-025-1536x336.jpg 1536w, https:\/\/www.terrebiosfera.org\/wp-content\/uploads\/2021\/02\/2016_11-Sizilien-025-2048x448.jpg 2048w\" sizes=\"(max-width: 1024px) 100vw, 1024px\" \/><\/figure>\n\n\n\n<p>L&#8217;area delle <strong>Terre della Biosfera<\/strong> \u00e8 caratterizzata da una forte vocazione agricola. La realt\u00e0 delle aziende agricole e zootecniche della zona \u00e8 improntata in larga parte su <strong>aziende di medio-piccole dimensioni a conduzione tradizionale e familiare<\/strong>. La promozione di un&#8217;agricoltura sostenibile che preservi la naturalit\u00e0 dell&#8217;area e favorisca la biodiversit\u00e0 unica al mondo delle<strong> Valli dei fiumi Simeto e Alcantara <\/strong>\u00e8 da sempre al centro del lavoro dei promotori delle Terre della Biosfera.<\/p>\n\n\n\n<p>Il primo progetto agricolo \u00e8 stato realizzato dalla Fondazione <strong>Manfred-Hermsen-Stiftung <\/strong>con <strong>Giuseppe Rizzo dell&#8217;Ufficio Intercomunale Agricoltura della Regione Siciliana <\/strong>nel 2010 e trattava test di lotta biologica contro la mosca dell&#8217;ulivo. La <strong>Leibniz Universit\u00e4t di Hannover&nbsp;<\/strong>ha contribuito tra il 2011 e io 2012 con alcuni studi sul campo e due differenti visite di studenti e professori in Sicilia. I risultati degli studi hanno giovato a sviluppare criteri applicabili per la conservazione della natura in agricoltura.<\/p>\n\n\n\n<p>Successivamente, tramite la solida collaborazione tra la <strong>MHS <\/strong>e le <strong>Giacche Verdi Bronte<\/strong>, sono stati sviluppati numerosi progetti di sostenibilit\u00e0 agricola. In essi sono stati coinvolti <strong>studenti <\/strong>provenienti da molti Stati dell&#8217;Unione Europea per <strong>tirocini Erasmus<\/strong> e per il <strong>Servizio di Volontariato Europeo<\/strong>, dando la possibilit\u00e0 di redigere tesi di laurea e studi specifici sul campo. Le Giacche Verdi Bronte inoltre gestiscono dei terreni (sia di propriet\u00e0 che in affitto) come campi sperimentali di agricoltura. Tramite il progetto di educazione agricolo-ambientale<a rel=\"noreferrer noopener\" href=\"http:\/\/www.terrebiosfera.org\/?page_id=1808\" target=\"_blank\"><strong> Frutti per la Biosfera<\/strong><\/a> (2018-2019), co-finanziato dall&#8217;<strong>European Climate Initiative (EUKI) <\/strong>del Ministero Tedesco <strong>BMU<\/strong> \u00e8 stato possibile educare migliaia di giovani studenti sull&#8217;importanza dell&#8217;agricoltura sostenibile in relazione con i cambiamenti climatici. Allo stesso tempo sono state coinvolte numerose aziende del territorio per creare dei mercatini a Km-0 e  creare una rete di &#8220;<strong>aziende partners<\/strong>&#8221; proprio con lo scopo di supportare le realt\u00e0 agricole tradizionali e sostenibili delle Terre della Biosfera.<\/p>\n\n\n\n<div class=\"wp-block-image\"><figure class=\"aligncenter size-large is-resized\"><img loading=\"lazy\" decoding=\"async\" src=\"http:\/\/www.terrebiosfera.org\/wp-content\/uploads\/2021\/02\/2015_2_Sizlien-1686-2-1024x576.jpg\" alt=\"\" class=\"wp-image-2373\" width=\"723\" height=\"406\" srcset=\"https:\/\/www.terrebiosfera.org\/wp-content\/uploads\/2021\/02\/2015_2_Sizlien-1686-2-1024x576.jpg 1024w, https:\/\/www.terrebiosfera.org\/wp-content\/uploads\/2021\/02\/2015_2_Sizlien-1686-2-300x169.jpg 300w, https:\/\/www.terrebiosfera.org\/wp-content\/uploads\/2021\/02\/2015_2_Sizlien-1686-2-768x432.jpg 768w, https:\/\/www.terrebiosfera.org\/wp-content\/uploads\/2021\/02\/2015_2_Sizlien-1686-2-1536x864.jpg 1536w, https:\/\/www.terrebiosfera.org\/wp-content\/uploads\/2021\/02\/2015_2_Sizlien-1686-2-2048x1152.jpg 2048w\" sizes=\"(max-width: 723px) 100vw, 723px\" \/><\/figure><\/div>\n\n\n\n<p>Oltre a queste attivit\u00e0 pluriennali, replicate di anno in anno, nel 2019 \u00e8 stato avviato dalle Giacche Verdi Bronte e dalla fondazione Manfred-Hermsen-Stiftung il progetto &#8220;<em><strong><a rel=\"noreferrer noopener\" href=\"http:\/\/www.terrebiosfera.org\/?p=2243\" target=\"_blank\">Farming in Sicily&#8217;s Lands of Biosphere &#8211; Farmers, wildlife&nbsp;and good pratice research in the Etna valleys<\/a><\/strong><\/em>&#8220;, in collaborazione con <strong>NABU, LIPU e Universit\u00e0 di Catania<\/strong>. Lo scopo del progetto, che ha visto il coinvolgimento di <strong>106 aziende agricole e zootecniche<\/strong> dell&#8217;area, \u00e8 di sostenere l&#8217;agricoltura sostenibile e tradizionale nell&#8217;area delle Terre della Biosfera, condividendo le conoscenze sugli agroecosistemi peculiari dell&#8217;area mediterranea, attraverso un approccio integrato tra studi naturalistici e agronomici. Al contempo si mira a favorire lo scambio di esperienze tra esperti naturalisti, agronomi e agricoltori, e ad individuare &#8220;<strong>buone pratiche&#8221; agronomiche per la conservazione della biodiversit\u00e0 in vista della programmazione PAC 2021-2027.<\/strong> <a rel=\"noreferrer noopener\" href=\"http:\/\/www.terrebiosfera.org\/?p=2364\" target=\"_blank\">Una lettera congiunta tra le organizzazioni responsabili del progetto e gli agricoltori \u00e8 stata inviata alla Presidente della UE <strong>Ursula von der Leyen<\/strong> <\/a>(e per conoscenza alla Ministra per le Politiche Agricole Bellanova e all\u2019Assessore della Regione Siciliana all\u2019agricoltura Bandiera) per manifestare aperto dissenso nei riguardi della votazione della Commissione Europea sugli emendamenti ai regolamenti per la PAC 2021-2027. Una risposta ufficiale della UE \u00e8 giunta a fine 2020, con l&#8217;<strong>invito rivolto alle Organizzazioni promotrici di continuare ad essere attive nella fase decisionale del Piano Strategico Nazionale e Regionale.<\/strong><\/p>\n\n\n\n<figure class=\"wp-block-gallery columns-1 is-cropped wp-block-gallery-1 is-layout-flex wp-block-gallery-is-layout-flex\"><ul class=\"blocks-gallery-grid\"><li class=\"blocks-gallery-item\"><figure><img loading=\"lazy\" decoding=\"async\" width=\"1024\" height=\"635\" src=\"http:\/\/www.terrebiosfera.org\/wp-content\/uploads\/2021\/02\/IMG_0587-1-scaled-e1612193085187-1024x635.jpg\" alt=\"\" data-id=\"2375\" data-full-url=\"http:\/\/www.terrebiosfera.org\/wp-content\/uploads\/2021\/02\/IMG_0587-1-scaled-e1612193085187.jpg\" data-link=\"http:\/\/www.terrebiosfera.org\/?attachment_id=2375\" class=\"wp-image-2375\" srcset=\"https:\/\/www.terrebiosfera.org\/wp-content\/uploads\/2021\/02\/IMG_0587-1-scaled-e1612193085187-1024x635.jpg 1024w, https:\/\/www.terrebiosfera.org\/wp-content\/uploads\/2021\/02\/IMG_0587-1-scaled-e1612193085187-300x186.jpg 300w, https:\/\/www.terrebiosfera.org\/wp-content\/uploads\/2021\/02\/IMG_0587-1-scaled-e1612193085187-768x476.jpg 768w, https:\/\/www.terrebiosfera.org\/wp-content\/uploads\/2021\/02\/IMG_0587-1-scaled-e1612193085187-1536x952.jpg 1536w, https:\/\/www.terrebiosfera.org\/wp-content\/uploads\/2021\/02\/IMG_0587-1-scaled-e1612193085187-2048x1270.jpg 2048w\" sizes=\"(max-width: 1024px) 100vw, 1024px\" \/><\/figure><\/li><\/ul><\/figure>\n\n\n\n<p>Nel 2020 \u00e8 stato promosso il progetto &#8220;<strong>Coturnice e Grano<\/strong>&#8221; il cui obiettivo \u00e8 di preservare e aumentare la biodiversit\u00e0 in agricoltura, promuovendo specie particolarmente rare e garantendo al tempo stesso la redditivit\u00e0 economica. Grazie a sperimentazioni di agricoltura sostenibile nei terreni delle GV con la supervisione del<strong> Dipartimento di Agricoltura dell&#8217;Universit\u00e0 di Catania<\/strong>, si mira a a promuovere la comunicazione con i contadini circostanti e a favorire misure congiunte di protezione della natura e la reintroduzione dell&#8217;agricoltura biologica della zona. Oltre alla prosecuzione dei progetti sopracitati, l&#8217;Associazione Gruppo Promotore Terre della Biosfera, le Giacche Verdi Bronte e la Fondazione MHS fanno parte dell&#8217;alleanza della ICE <strong><a href=\"https:\/\/www.savebeesandfarmers.eu\/ita\" target=\"_blank\" rel=\"noreferrer noopener\">&#8220;Save Bees and Farmers&#8221;<\/a><\/strong>. Numerose iniziative e progetti agricoli sono in fase di pianificazione anche nel <strong>2021<\/strong>.<\/p>\n","protected":false},"excerpt":{"rendered":"<p>L&#8217;area delle Terre della Biosfera \u00e8 caratterizzata da una forte vocazione agricola. La realt\u00e0 delle aziende agricole e zootecniche della zona \u00e8 improntata in larga parte su aziende di medio-piccole dimensioni a conduzione tradizionale e familiare. La promozione di un&#8217;agricoltura sostenibile che preservi la naturalit\u00e0 dell&#8217;area e favorisca la biodiversit\u00e0 unica al mondo delle Valli [&hellip;]<\/p>\n","protected":false},"author":4,"featured_media":0,"parent":0,"menu_order":0,"comment_status":"closed","ping_status":"closed","template":"","meta":{"ngg_post_thumbnail":0,"footnotes":""},"_links":{"self":[{"href":"https:\/\/www.terrebiosfera.org\/index.php?rest_route=\/wp\/v2\/pages\/2369"}],"collection":[{"href":"https:\/\/www.terrebiosfera.org\/index.php?rest_route=\/wp\/v2\/pages"}],"about":[{"href":"https:\/\/www.terrebiosfera.org\/index.php?rest_route=\/wp\/v2\/types\/page"}],"author":[{"embeddable":true,"href":"https:\/\/www.terrebiosfera.org\/index.php?rest_route=\/wp\/v2\/users\/4"}],"replies":[{"embeddable":true,"href":"https:\/\/www.terrebiosfera.org\/index.php?rest_route=%2Fwp%2Fv2%2Fcomments&post=2369"}],"version-history":[{"count":11,"href":"https:\/\/www.terrebiosfera.org\/index.php?rest_route=\/wp\/v2\/pages\/2369\/revisions"}],"predecessor-version":[{"id":2389,"href":"https:\/\/www.terrebiosfera.org\/index.php?rest_route=\/wp\/v2\/pages\/2369\/revisions\/2389"}],"wp:attachment":[{"href":"https:\/\/www.terrebiosfera.org\/index.php?rest_route=%2Fwp%2Fv2%2Fmedia&parent=2369"}],"curies":[{"name":"wp","href":"https:\/\/api.w.org\/{rel}","templated":true}]}}