{"id":2153,"date":"2019-06-10T17:00:50","date_gmt":"2019-06-10T15:00:50","guid":{"rendered":"http:\/\/www.terrebiosfera.org\/?page_id=2153"},"modified":"2019-07-22T17:44:59","modified_gmt":"2019-07-22T15:44:59","slug":"sentiero-sul-bufo-bufo","status":"publish","type":"page","link":"https:\/\/www.terrebiosfera.org\/?page_id=2153","title":{"rendered":"Percorso del Bufo Bufo"},"content":{"rendered":"<p><img loading=\"lazy\" decoding=\"async\" class=\"alignnone wp-image-2180 size-large\" src=\"http:\/\/www.terrebiosfera.org\/wp-content\/uploads\/2019\/06\/1_percorso_del_Bufo_Bufo_80x100_stampato_page-0001-1024x819.jpg\" alt=\"\" width=\"610\" height=\"488\" srcset=\"https:\/\/www.terrebiosfera.org\/wp-content\/uploads\/2019\/06\/1_percorso_del_Bufo_Bufo_80x100_stampato_page-0001-1024x819.jpg 1024w, https:\/\/www.terrebiosfera.org\/wp-content\/uploads\/2019\/06\/1_percorso_del_Bufo_Bufo_80x100_stampato_page-0001-300x240.jpg 300w, https:\/\/www.terrebiosfera.org\/wp-content\/uploads\/2019\/06\/1_percorso_del_Bufo_Bufo_80x100_stampato_page-0001-768x614.jpg 768w\" sizes=\"(max-width: 610px) 100vw, 610px\" \/><\/p>\n<p>Il Sentiero sul Bufo Bufo di Santa Domenica Vittoria (ME) \u00e8 stato realizzato dalle Giacche Verdi Bronte e dalla Fondazione Manfred-Hermsen-Stiftung con l\u2019aiuto finanziario del BMU attraverso il programma EUKI &#8211; uno strumento finanziario del governo tedesco BMU con lo scopo di promuovere\u00a0 collaborazioni per il clima nell\u2019Unione Europea e combattere le emissioni dell\u2018effetto serra tramite scambi di esperienze e conoscenze internazionale e dialoghi &#8211; durante lo svolgimento del progetto di educazione ambientale Boschi per la Biosfera (2018-2019).<\/p>\n<p><strong>Premessa<\/strong><br \/>\nIl sentiero \u00e8 un percorso didattico ambientale che illustra l\u2019importanza dei boschi per il clima e per la biodiversit\u00e0. L\u2019intento \u00e8 di dare \u201cvita\u201d all\u2019idea di un sentiero naturalistico, come progettato da anni, realizzando qualcosa di realmente attrattivo.<br \/>\nIl concetto del percorso Il primo scopo del percorso \u00e8 l\u2019educazione ambientale. Esso \u00e8 rivolto a bambini, ragazzi, adulti, ma \u00e8 soprattutto un invito per le famiglie e un\u2019attrazione per i turisti ambientali affinch\u00e9 si possa imparare, rilassarsi nella natura e divertirsi.<br \/>\nIn primo luogo, il percorso \u00e8 costituito da pannelli informativi, con lo scopo di divulgare informazioni sull&#8217;habitat e sulla vita in generale del rospo comune (Bufo bufo). Anche il tema della protezione del clima viene affrontata ripetutamente. La conoscenza \u00e8 trasmessa a misura di bambino. In secondo luogo, ci sono vari elementi ludici, pensati e realizzati soprattutto per i bambini. Il percorso si avvale inoltre della presenza dell\u2019ufficio del Parco dei Nebrodi, del vecchio mulino \u201cPasso dell\u2019Olmo\u201d (situato in una zona panoramica del sentiero nel bosco) e del rifugio \u201cFavoscuro\u201d. Il rospo Bufo bufo, presente soprattutto in primavera nella zona umida, fa da guida nel percorso come una mascotte. In tal modo si potrebbe suscitare l\u2019interesse anche dei media come TV, radio, giornali attirando pubblicit\u00e0 positiva sia per il paese che per il Parco. Il percorso cos\u00ec offrirebbe una<br \/>\nragione in pi\u00f9 per soggiornare nel paese e nella zona del Parco dei Nebrodi.<br \/>\nIl percorso La partenza \u00e8 presso il centro visite del Parco dei Nebrodi a Santa Domenica Vittoria. Si parte dalla strada principale adiacente al parcheggio e davanti al centro visite \u00e8 presente il primo pannello informativo sul Parco dei Nebrodi, sul Bufo bufo, sul percorso, sul progetto con il logo degli sponsor e degli enti coinvolti. In un angolo \u00e8 presente una domanda rivolta ai bambini, i quali troveranno la risposta durante il percorso in un altro cartello.\u00a0La prima parte del sentiero si trova tra il centro visite e il mulino \u201dPasso dell\u2019 Olmo\u201d. Dal centro visite si cammina lungo un sentiero all\u2019aperto tra giardini e prati, abbastanza velocemente con poche fermate e spiegazioni. In questo segmento ci sono informazioni sull\u2019habitat del rospo, ma non solo:<br \/>\nLa migrazione del rospo, una leggenda locale sul Bufo bufo e, vicino a un abbeveratoio, \u00e8 collocato un pannello con alcune informazioni sugli animali d\u2019acqua. Inoltre vi sono pannelli su spazzatura, riciclaggio ed energia alternativa. Tutte le informazioni sono riferite all\u2019ambiente circostante del pannello stesso; per esempio il pannello inerente l\u2019energia alternativa \u00e8 situato in una posizione da cui \u00e8 possibile vedere le pale eoliche.<br \/>\nLa seconda parte riguarda l\u2019habitat acquatico, dove il rospo si riproduce in primavera. Qui ci sar\u00e0 un invito a sostare al mulino \u201cPasso dell\u2019Olmo\u201d &#8211; precisamente nella terrazza &#8211; e a lasciare giocare i bambini. Si trovano in questo punto alcune poltrone per la sosta, realizzate con pedane usate e, inoltre, un percorso sensoriale a piedi scalzi per scoprire la diversa consistenza dei materiali naturali. Davanti al mulino vi \u00e8 una zona da scoprire per i (piccoli) ambientalisti \u2013 soprattutto in primavera, quando una parte dell\u2019area diventa umida. In questa zona crescono tante orchidee. La terza parte riguarda l\u2019habitat del Bufo bufo nel bosco. Camminando avanti, si oltrepassa un ponte e si pu\u00f2 scegliere tra il percorso normale e uno alternativo, quest\u2019ultimo con una corda per arrampicarsi in un sentiero pi\u00f9 ripido. Poi si entra nel bosco. Qui \u00e8 piacevole camminare e numerose<br \/>\nstazioni didattiche ed informazioni invitano ad imparare o scoprire la natura. Piccoli pannelli in legno svelano i nomi delle diverse specie del bosco. I bambini sono invitati a cercare gli animali del bosco, che sono nascosti tra gli alberi. Il rifugio d\u00e0 nuovamente la possibilit\u00e0 di sostare e qui vi sono informazioni sugli uccelli del bosco. Dopo aver percorso un sentiero attraverso il bosco vi \u00e8 un\u2019apertura, con uno splendido scorcio sull\u2019 Etna. Adesso si pu\u00f2 scegliere tra due percorsi: Uno pi\u00f9 lungo, nel quale si cammina in campo aperto, e una via alternativa all\u2019interno del bosco. Il percorso circolare finisce nuovamente al mulino, da cui a ritroso si giunge infine al parcheggio iniziale.<\/p>\n<p>Contestualmente alla creazione del sentiero, sotto la spinta delle Giacche Verdi Bronte, della Fondazione MHS e del personale del Parco dei Nebrodi di S. D. Vittoria, si \u00e8 formato un Club delle Piccole Guide, composto da studenti della scuola primaria e media del luogo. Le Piccole Guide conducono i visitatori lungo il percorso, illustrando il contenuto dei pannelli tra natura, apprendimento e divertimento.<\/p>\n<p><strong>Documenti:<\/strong><\/p>\n<ul>\n<li><a href=\"http:\/\/www.terrebiosfera.org\/wp-content\/uploads\/2019\/06\/progetto-bufo-bufo-versione-leggera.pdf\">Progetto Bufo Bufo<\/a><\/li>\n<\/ul>\n<p><strong>Pannelli:<\/strong><\/p>\n<ul>\n<li><a href=\"http:\/\/www.terrebiosfera.org\/wp-content\/uploads\/2019\/06\/1_percorso_del_Bufo_Bufo_80x100_stampato.pdf\">1_percorso_del_Bufo_Bufo<\/a><\/li>\n<li><a href=\"http:\/\/www.terrebiosfera.org\/wp-content\/uploads\/2019\/06\/2_migrazione_dei_rospi_80x100_stampato.pdf\">2_migrazione_dei_rospi<\/a><\/li>\n<li><a href=\"http:\/\/www.terrebiosfera.org\/wp-content\/uploads\/2019\/06\/3a_Leggenda_di_Santa_Domenica_40x50_stampato.pdf\">3a_Leggenda_di_Santa_Domenica<\/a><\/li>\n<li><a href=\"http:\/\/www.terrebiosfera.org\/wp-content\/uploads\/2019\/06\/4_Animali_nelle_acque_40x50_stampato.pdf\">4_Animali_nelle_acque<\/a><\/li>\n<li><a href=\"http:\/\/www.terrebiosfera.org\/wp-content\/uploads\/2019\/06\/5a_Spazzatura_40x60_sh_cz_AA.pdf\">5a_Spazzatura_40x60<\/a><\/li>\n<li><a href=\"http:\/\/www.terrebiosfera.org\/wp-content\/uploads\/2019\/06\/5b_Riciclaggio_40x50_sh_kml_AA_cz_js.pdf\">5b_Riciclaggio<\/a><\/li>\n<li><a href=\"http:\/\/www.terrebiosfera.org\/wp-content\/uploads\/2019\/06\/5c_Lenergia_del_futuro_40x50_AA_cz.pdf\">5c_L&#8217;energia_del_futuro<\/a><\/li>\n<li><a href=\"http:\/\/www.terrebiosfera.org\/wp-content\/uploads\/2019\/06\/6a_Riproduzione_del_Bufo_Bufo_80x100_stampato.pdf\">6a_Riproduzione_del_Bufo_Bufo<\/a><\/li>\n<li><a href=\"http:\/\/www.terrebiosfera.org\/wp-content\/uploads\/2019\/06\/6b_Orchis_dactolorhiza_21x35_AA.pdf\">6b_Orchis_dactolorhiza<\/a><\/li>\n<li><a href=\"http:\/\/www.terrebiosfera.org\/wp-content\/uploads\/2019\/06\/6b_Orchis_laxiflora_21x35_AA.pdf\">6b_Orchis_laxiflora<\/a><\/li>\n<li><a href=\"http:\/\/www.terrebiosfera.org\/wp-content\/uploads\/2019\/06\/7a_Mulino_e_energia_idraulica_40x50_AA.pdf\">7a_Mulino_e_energia_idraulica<\/a><\/li>\n<li><a href=\"http:\/\/www.terrebiosfera.org\/wp-content\/uploads\/2019\/06\/7b_Pipistrelli_40x50_AA.pdf\">7b_Pipistrelli<\/a><\/li>\n<li><a href=\"http:\/\/www.terrebiosfera.org\/wp-content\/uploads\/2019\/06\/7c_Clima_40x50_AA_cz_JS.pdf\">7c_Clima_40x50<\/a><\/li>\n<li><a href=\"http:\/\/www.terrebiosfera.org\/wp-content\/uploads\/2019\/06\/8a_Fiumi_e_clima_40x50_AA_cz.pdf\">8a_Fiumi_e_clima<\/a><\/li>\n<li><a href=\"http:\/\/www.terrebiosfera.org\/wp-content\/uploads\/2019\/06\/8b_Piante_del_fiume_40x50_sh_cz_AA.pdf\">8b_Piante_del_fiume<\/a><\/li>\n<li><a href=\"http:\/\/www.terrebiosfera.org\/wp-content\/uploads\/2019\/06\/10a_Bosco_e_clima_80x100_sh_cz_AA.pdf\">10a_Bosco_e_clima<\/a><\/li>\n<li><a href=\"http:\/\/www.terrebiosfera.org\/wp-content\/uploads\/2019\/06\/12_Gatto_selvatico_21x35_aa.pdf\">12_Gatto_selvatico<\/a><\/li>\n<li><a href=\"http:\/\/www.terrebiosfera.org\/wp-content\/uploads\/2019\/06\/13_Volpe_21x35_AA.pdf\">13_Volpe<\/a><\/li>\n<li><a href=\"http:\/\/www.terrebiosfera.org\/wp-content\/uploads\/2019\/06\/14_Grifone_21x35_AA.pdf\">14_Grifone<\/a><\/li>\n<li><a href=\"http:\/\/www.terrebiosfera.org\/wp-content\/uploads\/2019\/06\/15a_Animali_del_bosco_40x50_aa.pdf\">15a_Animali_del_bosco<\/a><\/li>\n<li><a href=\"http:\/\/www.terrebiosfera.org\/wp-content\/uploads\/2019\/06\/16a_Uccelli_del_bosco_40x50_js_AA_cz.pdf\">16a_Uccelli_del_bosco<\/a><\/li>\n<li><a href=\"http:\/\/www.terrebiosfera.org\/wp-content\/uploads\/2019\/06\/17_Farfalle_40x50_sh_js_aa.pdf\">17_Farfalle<\/a><\/li>\n<li><a href=\"http:\/\/www.terrebiosfera.org\/wp-content\/uploads\/2019\/06\/18a_Geologia_40x50_AA_def.pdf\">18a_Geologia<\/a><\/li>\n<li><a href=\"http:\/\/www.terrebiosfera.org\/wp-content\/uploads\/2019\/06\/BufoBufo_Pannello_casedegliuccelli_40_50_JS_23012019.pdf\">Case degli uccelli<\/a><\/li>\n<\/ul>\n<p><iframe loading=\"lazy\" title=\"EUKI project: Boschi per la Biosfera: Excursion to the Toad Trail &quot;Bufo Bufo&quot;\" width=\"610\" height=\"343\" src=\"https:\/\/www.youtube.com\/embed\/9z0CD_E8zPI?feature=oembed\" frameborder=\"0\" allow=\"accelerometer; autoplay; clipboard-write; encrypted-media; gyroscope; picture-in-picture; web-share\" referrerpolicy=\"strict-origin-when-cross-origin\" allowfullscreen><\/iframe><\/p>\n<p>Per info, prenotazioni delle visite guidate scrivere a gvbronte@gmail.com<\/p>\n","protected":false},"excerpt":{"rendered":"<p>Il Sentiero sul Bufo Bufo di Santa Domenica Vittoria (ME) \u00e8 stato realizzato dalle Giacche Verdi Bronte e dalla Fondazione Manfred-Hermsen-Stiftung con l\u2019aiuto finanziario del BMU attraverso il programma EUKI &#8211; uno strumento finanziario del governo tedesco BMU con lo scopo di promuovere\u00a0 collaborazioni per il clima nell\u2019Unione Europea e combattere le emissioni dell\u2018effetto serra [&hellip;]<\/p>\n","protected":false},"author":4,"featured_media":0,"parent":0,"menu_order":0,"comment_status":"closed","ping_status":"closed","template":"","meta":{"ngg_post_thumbnail":0,"footnotes":""},"_links":{"self":[{"href":"https:\/\/www.terrebiosfera.org\/index.php?rest_route=\/wp\/v2\/pages\/2153"}],"collection":[{"href":"https:\/\/www.terrebiosfera.org\/index.php?rest_route=\/wp\/v2\/pages"}],"about":[{"href":"https:\/\/www.terrebiosfera.org\/index.php?rest_route=\/wp\/v2\/types\/page"}],"author":[{"embeddable":true,"href":"https:\/\/www.terrebiosfera.org\/index.php?rest_route=\/wp\/v2\/users\/4"}],"replies":[{"embeddable":true,"href":"https:\/\/www.terrebiosfera.org\/index.php?rest_route=%2Fwp%2Fv2%2Fcomments&post=2153"}],"version-history":[{"count":6,"href":"https:\/\/www.terrebiosfera.org\/index.php?rest_route=\/wp\/v2\/pages\/2153\/revisions"}],"predecessor-version":[{"id":2224,"href":"https:\/\/www.terrebiosfera.org\/index.php?rest_route=\/wp\/v2\/pages\/2153\/revisions\/2224"}],"wp:attachment":[{"href":"https:\/\/www.terrebiosfera.org\/index.php?rest_route=%2Fwp%2Fv2%2Fmedia&parent=2153"}],"curies":[{"name":"wp","href":"https:\/\/api.w.org\/{rel}","templated":true}]}}